{"id":2942,"date":"2025-11-26T16:21:11","date_gmt":"2025-11-26T15:21:11","guid":{"rendered":"http:\/\/localhost\/smi\/?page_id=2942"},"modified":"2025-12-25T21:52:48","modified_gmt":"2025-12-25T20:52:48","slug":"savoir-faire","status":"publish","type":"page","link":"https:\/\/smiconsult.fr\/?page_id=2942","title":{"rendered":"Savoir faire"},"content":{"rendered":"\n<div id=\"competences\" class=\"wp-block-uagb-container uagb-block-87240bf6 alignfull uagb-is-root-container\"><div class=\"uagb-container-inner-blocks-wrap\">\n<p><\/p>\n\n\n\n<div class=\"wp-block-uagb-advanced-heading uagb-block-a117d91d\"><h2 class=\"uagb-heading-text\">Nos domaines de comp\u00e9tences<\/h2><\/div>\n\n\n\n<div class=\"wp-block-uagb-container uagb-block-ae4671e8\">\n<div data-aos= \"fade-right\" data-aos-duration=\"400\" data-aos-delay=\"0\" data-aos-easing=\"ease\" data-aos-once=\"true\" class=\"wp-block-uagb-container uagb-block-e3bf698d\">\n<div data-aos= \"fade-right\" data-aos-duration=\"400\" data-aos-delay=\"0\" data-aos-easing=\"ease\" data-aos-once=\"true\" class=\"wp-block-uagb-info-box uagb-block-cb683c19 uagb-infobox__content-wrap  uagb-infobox-icon-above-title uagb-infobox-image-valign-top wp-block-uagb-info-box--has-margin\"><div class=\"uagb-infobox-margin-wrapper\"><div class=\"uagb-ifb-content\"><div class=\"uagb-ifb-title-wrap\"><h5 class=\"uagb-ifb-title\">M\u00e9tiers du prestataire de sant\u00e9 \u00e0 domicile<br><br>( PSAD )<br><\/h5><\/div><p class=\"uagb-ifb-desc\"><strong>Assistance respiratoire<br>Perfusion<br>Nutrition<br>Insulinoth\u00e9rapie<\/strong><br><br><\/p><\/div><\/div><\/div>\n\n\n\n<div class=\"wp-block-uagb-modal uagb-block-07ae9a2d uagb-modal-wrapper\" data-escpress=\"enable\" data-overlayclick=\"disable\"><div class=\"uagb-spectra-button-wrapper wp-block-button\"><a class=\"uagb-modal-button-link wp-block-button__link uagb-modal-trigger\" href=\"#\" onclick=\"return false;\" target=\"_self\" rel=\"noopener noreferrer\"><span class=\"uagb-modal-content-wrapper\"><span class=\"uagb-inline-editing\">Plus d\u2019info \u2026..<\/span><\/span><\/a><\/div><div class=\"uagb-effect-default uagb-modal-popup uagb-block-07ae9a2d uagb-modal-type-undefined\"><div class=\"uagb-modal-popup-wrap\"><div class=\"uagb-modal-popup-content\">\n<div class=\"wp-block-uagb-info-box uagb-block-2247ebef uagb-infobox__content-wrap  uagb-infobox-icon-above-title uagb-infobox-image-valign-top\"><div class=\"uagb-ifb-content\"><div class=\"uagb-ifb-icon-wrap\"><svg xmlns=\"https:\/\/www.w3.org\/2000\/svg\" viewBox=\"0 0 512 512\"><path d=\"M0 256C0 114.6 114.6 0 256 0C397.4 0 512 114.6 512 256C512 397.4 397.4 512 256 512C114.6 512 0 397.4 0 256zM371.8 211.8C382.7 200.9 382.7 183.1 371.8 172.2C360.9 161.3 343.1 161.3 332.2 172.2L224 280.4L179.8 236.2C168.9 225.3 151.1 225.3 140.2 236.2C129.3 247.1 129.3 264.9 140.2 275.8L204.2 339.8C215.1 350.7 232.9 350.7 243.8 339.8L371.8 211.8z\"><\/path><\/svg><\/div><div class=\"uagb-ifb-title-wrap\"><h3 class=\"uagb-ifb-title\">Vous \u00eates prestataire de sant\u00e9 \u00e0 domicile<\/h3><\/div><p class=\"uagb-ifb-desc\">Travaillons ensemble pour rentabiliser votre outil informatique<\/p><\/div><\/div>\n\n\n\n<p>Notre exp\u00e9rience dans votre domaine d&rsquo;activit\u00e9, et notre connaissance des logiciels que vous utilisez nous permet de vous aider dans la mise en place de diff\u00e9rentes fonctionnalit\u00e9s :<\/p>\n\n\n\n<p><\/p>\n\n\n\n<ul class=\"wp-block-list\">\n<li>Gestion des stocks<\/li>\n\n\n\n<li>Gestion des dispositifs m\u00e9dicaux<\/li>\n\n\n\n<li>Tra\u00e7abilit\u00e9 des lots et n\u00b0 de s\u00e9rie<\/li>\n\n\n\n<li>Inventaire<br><\/li>\n\n\n\n<li>Facturation et paiements<\/li>\n\n\n\n<li>Mise en place de s\u00e9sam vitale<\/li>\n\n\n\n<li>Recouvrement caisses et mutuelles<br><\/li>\n\n\n\n<li>Gestion du patient<\/li>\n\n\n\n<li>Gestion des r\u00e9clamations<\/li>\n\n\n\n<li>Gestion des plannings<\/li>\n<\/ul>\n<\/div><button class=\"uagb-modal-popup-close\" aria-label=\"Close Modal\"><svg xmlns=\"https:\/\/www.w3.org\/2000\/svg\" viewBox=\"0 0 320 512\"><path d=\"M310.6 361.4c12.5 12.5 12.5 32.75 0 45.25C304.4 412.9 296.2 416 288 416s-16.38-3.125-22.62-9.375L160 301.3L54.63 406.6C48.38 412.9 40.19 416 32 416S15.63 412.9 9.375 406.6c-12.5-12.5-12.5-32.75 0-45.25l105.4-105.4L9.375 150.6c-12.5-12.5-12.5-32.75 0-45.25s32.75-12.5 45.25 0L160 210.8l105.4-105.4c12.5-12.5 32.75-12.5 45.25 0s12.5 32.75 0 45.25l-105.4 105.4L310.6 361.4z\"><\/path><\/svg><\/button><\/div><\/div><\/div>\n<\/div>\n\n\n\n<div data-aos= \"fade-down\" data-aos-duration=\"400\" data-aos-delay=\"0\" data-aos-easing=\"ease\" data-aos-once=\"true\" class=\"wp-block-uagb-container uagb-block-9d823cda\">\n<div data-aos= \"fade-right\" data-aos-duration=\"400\" data-aos-delay=\"0\" data-aos-easing=\"ease\" data-aos-once=\"true\" class=\"wp-block-uagb-info-box uagb-block-394dbb24 uagb-infobox__content-wrap  uagb-infobox-icon-above-title uagb-infobox-image-valign-top wp-block-uagb-info-box--has-margin\"><div class=\"uagb-infobox-margin-wrapper\"><div class=\"uagb-ifb-content\"><div class=\"uagb-ifb-title-wrap\"><h5 class=\"uagb-ifb-title\">M\u00e9tiers du prestataire de service et distributeur de mat\u00e9riel<br><br>(PSDM)<br><\/h5><\/div><p class=\"uagb-ifb-desc\"><strong>Maintien \u00e0 domicile<br>Mat\u00e9riel m\u00e9dical<br>Orthop\u00e9die<\/strong><br><br><br><\/p><\/div><\/div><\/div>\n\n\n\n<div class=\"wp-block-uagb-modal uagb-block-393d62b2 uagb-modal-wrapper\" data-escpress=\"enable\" data-overlayclick=\"disable\"><div class=\"uagb-spectra-button-wrapper wp-block-button\"><a class=\"uagb-modal-button-link wp-block-button__link uagb-modal-trigger\" href=\"#\" onclick=\"return false;\" target=\"_self\" rel=\"noopener noreferrer\"><span class=\"uagb-modal-content-wrapper\"><span class=\"uagb-inline-editing\">Plus d&rsquo;info<\/span><\/span><\/a><\/div><div class=\"uagb-effect-default uagb-modal-popup uagb-block-393d62b2 uagb-modal-type-undefined\"><div class=\"uagb-modal-popup-wrap\"><div class=\"uagb-modal-popup-content\">\n<div class=\"wp-block-uagb-info-box uagb-block-630016b2 uagb-infobox__content-wrap  uagb-infobox-icon-above-title uagb-infobox-image-valign-top\"><div class=\"uagb-ifb-content\"><div class=\"uagb-ifb-icon-wrap\"><svg xmlns=\"https:\/\/www.w3.org\/2000\/svg\" viewBox=\"0 0 512 512\"><path d=\"M0 256C0 114.6 114.6 0 256 0C397.4 0 512 114.6 512 256C512 397.4 397.4 512 256 512C114.6 512 0 397.4 0 256zM371.8 211.8C382.7 200.9 382.7 183.1 371.8 172.2C360.9 161.3 343.1 161.3 332.2 172.2L224 280.4L179.8 236.2C168.9 225.3 151.1 225.3 140.2 236.2C129.3 247.1 129.3 264.9 140.2 275.8L204.2 339.8C215.1 350.7 232.9 350.7 243.8 339.8L371.8 211.8z\"><\/path><\/svg><\/div><div class=\"uagb-ifb-title-wrap\"><h3 class=\"uagb-ifb-title\">Vous \u00eates prestataire de service et distributeur de mat\u00e9riels<\/h3><\/div><p class=\"uagb-ifb-desc\">Optimisons ensemble l&rsquo;utilisation de votre informatique<\/p><\/div><\/div>\n\n\n\n<p>Notre exp\u00e9rience dans votre domaine d&rsquo;activit\u00e9, et notre connaissance des logiciels que vous utilisez nous permet de vous aider dans la mise en place de diff\u00e9rentes fonctionnalit\u00e9s :<\/p>\n\n\n\n<p><\/p>\n\n\n\n<ul class=\"wp-block-list\">\n<li>Gestion du magasin<\/li>\n\n\n\n<li>Vente et facturation comptoir<br><\/li>\n\n\n\n<li>Gestion des stocks <\/li>\n\n\n\n<li>Gestion des dispositifs m\u00e9dicaux<\/li>\n\n\n\n<li>Tra\u00e7abilit\u00e9 des lots et n\u00b0 de s\u00e9rie<\/li>\n\n\n\n<li>Suivi des maintenances pr\u00e9ventives<\/li>\n\n\n\n<li>Inventaire<br><\/li>\n\n\n\n<li>Facturation et paiements<\/li>\n\n\n\n<li>Mise en place de s\u00e9sam vitale<\/li>\n\n\n\n<li>Recouvrement caisses et mutuelles<br><\/li>\n\n\n\n<li>Gestion du patient<\/li>\n\n\n\n<li>Gestion des r\u00e9clamations<\/li>\n\n\n\n<li>Gestion des plannings<\/li>\n<\/ul>\n<\/div><button class=\"uagb-modal-popup-close\" aria-label=\"Close Modal\"><svg xmlns=\"https:\/\/www.w3.org\/2000\/svg\" viewBox=\"0 0 320 512\"><path d=\"M310.6 361.4c12.5 12.5 12.5 32.75 0 45.25C304.4 412.9 296.2 416 288 416s-16.38-3.125-22.62-9.375L160 301.3L54.63 406.6C48.38 412.9 40.19 416 32 416S15.63 412.9 9.375 406.6c-12.5-12.5-12.5-32.75 0-45.25l105.4-105.4L9.375 150.6c-12.5-12.5-12.5-32.75 0-45.25s32.75-12.5 45.25 0L160 210.8l105.4-105.4c12.5-12.5 32.75-12.5 45.25 0s12.5 32.75 0 45.25l-105.4 105.4L310.6 361.4z\"><\/path><\/svg><\/button><\/div><\/div><\/div>\n<\/div>\n<\/div>\n\n\n\n<div class=\"wp-block-uagb-container uagb-block-81bddc91\">\n<div data-aos= \"fade-down\" data-aos-duration=\"400\" data-aos-delay=\"0\" data-aos-easing=\"ease\" data-aos-once=\"true\" class=\"wp-block-uagb-container uagb-block-67fbb06e\">\n<div data-aos= \"fade-right\" data-aos-duration=\"400\" data-aos-delay=\"0\" data-aos-easing=\"ease\" data-aos-once=\"true\" class=\"wp-block-uagb-info-box uagb-block-f267eea4 uagb-infobox__content-wrap  uagb-infobox-icon-above-title uagb-infobox-image-valign-top wp-block-uagb-info-box--has-margin\"><div class=\"uagb-infobox-margin-wrapper\"><div class=\"uagb-ifb-content\"><div class=\"uagb-ifb-title-wrap\"><h5 class=\"uagb-ifb-title\"><br><br>Mat\u00e9riel informatique<br><\/h5><\/div><p class=\"uagb-ifb-desc\"><br><strong>Mat\u00e9riels<br>Installation <br>Logiciels<br>Maintenance<\/strong><br><br><br><\/p><\/div><\/div><\/div>\n\n\n\n<div class=\"wp-block-uagb-modal uagb-block-149782cd uagb-modal-wrapper\" data-escpress=\"enable\" data-overlayclick=\"disable\"><div class=\"uagb-spectra-button-wrapper wp-block-button\"><a class=\"uagb-modal-button-link wp-block-button__link uagb-modal-trigger\" href=\"#\" onclick=\"return false;\" target=\"_self\" rel=\"noopener noreferrer\"><span class=\"uagb-modal-content-wrapper\"><span class=\"uagb-inline-editing\">Plus d&rsquo;info<\/span><\/span><\/a><\/div><div class=\"uagb-effect-default uagb-modal-popup uagb-block-149782cd uagb-modal-type-undefined\"><div class=\"uagb-modal-popup-wrap\"><div class=\"uagb-modal-popup-content\">\n<div class=\"wp-block-uagb-info-box uagb-block-a2307cf0 uagb-infobox__content-wrap  uagb-infobox-icon-above-title uagb-infobox-image-valign-top\"><div class=\"uagb-ifb-content\"><div class=\"uagb-ifb-icon-wrap\"><svg xmlns=\"https:\/\/www.w3.org\/2000\/svg\" viewBox=\"0 0 512 512\"><path d=\"M0 256C0 114.6 114.6 0 256 0C397.4 0 512 114.6 512 256C512 397.4 397.4 512 256 512C114.6 512 0 397.4 0 256zM371.8 211.8C382.7 200.9 382.7 183.1 371.8 172.2C360.9 161.3 343.1 161.3 332.2 172.2L224 280.4L179.8 236.2C168.9 225.3 151.1 225.3 140.2 236.2C129.3 247.1 129.3 264.9 140.2 275.8L204.2 339.8C215.1 350.7 232.9 350.7 243.8 339.8L371.8 211.8z\"><\/path><\/svg><\/div><div class=\"uagb-ifb-title-wrap\"><h3 class=\"uagb-ifb-title\">Service informatique<\/h3><\/div><p class=\"uagb-ifb-desc\">Nous vous lib\u00e9rons de l&rsquo;aspect technique mat\u00e9riel<\/p><\/div><\/div>\n\n\n\n<p>Nous pouvons vous proposer les mat\u00e9riels les plus fr\u00e9quemment utilis\u00e9s dans vos m\u00e9tiers et \u00e9galement des mat\u00e9riels sp\u00e9cifiques (\u00e0 votre demande.)<\/p>\n\n\n\n<p><\/p>\n\n\n\n<ul class=\"wp-block-list\">\n<li>Poste de travail<\/li>\n\n\n\n<li>Scanner et imprimantes<\/li>\n\n\n\n<li>Lecteurs codes barres<\/li>\n\n\n\n<li>Lecteurs de cartes vitales (et CPS)<\/li>\n\n\n\n<li>Lecteur nomades  pour les domiciles <a href=\"https:\/\/smartvitale.fr\/\" data-type=\"link\" data-id=\"https:\/\/smartvitale.fr\/\">https:\/\/smartvitale.fr\/<\/a><br><\/li>\n\n\n\n<li>Installation<\/li>\n\n\n\n<li>Mise en place et configuration<\/li>\n\n\n\n<li>Param\u00e9trages<br><\/li>\n\n\n\n<li>Maintenance <\/li>\n<\/ul>\n<\/div><button class=\"uagb-modal-popup-close\" aria-label=\"Close Modal\"><svg xmlns=\"https:\/\/www.w3.org\/2000\/svg\" viewBox=\"0 0 320 512\"><path d=\"M310.6 361.4c12.5 12.5 12.5 32.75 0 45.25C304.4 412.9 296.2 416 288 416s-16.38-3.125-22.62-9.375L160 301.3L54.63 406.6C48.38 412.9 40.19 416 32 416S15.63 412.9 9.375 406.6c-12.5-12.5-12.5-32.75 0-45.25l105.4-105.4L9.375 150.6c-12.5-12.5-12.5-32.75 0-45.25s32.75-12.5 45.25 0L160 210.8l105.4-105.4c12.5-12.5 32.75-12.5 45.25 0s12.5 32.75 0 45.25l-105.4 105.4L310.6 361.4z\"><\/path><\/svg><\/button><\/div><\/div><\/div>\n<\/div>\n\n\n\n<div data-aos= \"fade-left\" data-aos-duration=\"400\" data-aos-delay=\"0\" data-aos-easing=\"ease\" data-aos-once=\"true\" class=\"wp-block-uagb-container uagb-layout-flex uagb-block-d880849e\">\n<div data-aos= \"fade-right\" data-aos-duration=\"400\" data-aos-delay=\"0\" data-aos-easing=\"ease\" data-aos-once=\"true\" class=\"wp-block-uagb-info-box uagb-block-588cf76b uagb-infobox__content-wrap  uagb-infobox-icon-above-title uagb-infobox-image-valign-top wp-block-uagb-info-box--has-margin\"><div class=\"uagb-infobox-margin-wrapper\"><div class=\"uagb-ifb-content\"><div class=\"uagb-ifb-title-wrap\"><h5 class=\"uagb-ifb-title\"><br><br>Prestations de services informatiques<br><br><\/h5><\/div><p class=\"uagb-ifb-desc\"><strong>D\u00e9veloppement et Bases de donn\u00e9es<br>Consulting <br>Audit<\/strong><br><br><br><br><\/p><\/div><\/div><\/div>\n\n\n\n<div class=\"wp-block-uagb-modal uagb-block-f06912b4 uagb-modal-wrapper\" data-escpress=\"enable\" data-overlayclick=\"disable\"><div class=\"uagb-spectra-button-wrapper wp-block-button\"><a class=\"uagb-modal-button-link wp-block-button__link uagb-modal-trigger\" href=\"#\" onclick=\"return false;\" target=\"_self\" rel=\"noopener noreferrer\"><span class=\"uagb-modal-content-wrapper\"><span class=\"uagb-inline-editing\">Plus d&rsquo;info &#8230;<\/span><\/span><\/a><\/div><div class=\"uagb-effect-default uagb-modal-popup uagb-block-f06912b4 uagb-modal-type-undefined\"><div class=\"uagb-modal-popup-wrap\"><div class=\"uagb-modal-popup-content\">\n<div class=\"wp-block-uagb-info-box uagb-block-d8c7d2e2 uagb-infobox__content-wrap  uagb-infobox-icon-above-title uagb-infobox-image-valign-top\"><div class=\"uagb-ifb-content\"><div class=\"uagb-ifb-icon-wrap\"><svg xmlns=\"https:\/\/www.w3.org\/2000\/svg\" viewBox=\"0 0 512 512\"><path d=\"M0 256C0 114.6 114.6 0 256 0C397.4 0 512 114.6 512 256C512 397.4 397.4 512 256 512C114.6 512 0 397.4 0 256zM371.8 211.8C382.7 200.9 382.7 183.1 371.8 172.2C360.9 161.3 343.1 161.3 332.2 172.2L224 280.4L179.8 236.2C168.9 225.3 151.1 225.3 140.2 236.2C129.3 247.1 129.3 264.9 140.2 275.8L204.2 339.8C215.1 350.7 232.9 350.7 243.8 339.8L371.8 211.8z\"><\/path><\/svg><\/div><div class=\"uagb-ifb-title-wrap\"><h3 class=\"uagb-ifb-title\">Prestations de services informatiques<\/h3><\/div><p class=\"uagb-ifb-desc\">Autour de votre logiciel  pour le rentabiliser, et vous faire gagner du temps et trouver du ROI<\/p><\/div><\/div>\n\n\n\n<p>Notre connaissance de logiciels de votre domaine d&rsquo;activit\u00e9 et de vos besoins, nous permet de vous apporter des solutions.<\/p>\n\n\n\n<p><\/p>\n\n\n\n<ul class=\"wp-block-list\">\n<li>Audit afin d&rsquo;analyser votre utilisation du logiciel.<br><\/li>\n\n\n\n<li>Consulting afin de vous accompagner dans la mise en place de proc\u00e9dures.<br><\/li>\n\n\n\n<li>D\u00e9veloppement pour exploiter vos donn\u00e9es.<br><\/li>\n\n\n\n<li>Traitement de donn\u00e9es : Pour reprendre les donn\u00e9es dans le cas d&rsquo;un changement de logiciel.<\/li>\n<\/ul>\n<\/div><button class=\"uagb-modal-popup-close\" aria-label=\"Close Modal\"><svg xmlns=\"https:\/\/www.w3.org\/2000\/svg\" viewBox=\"0 0 320 512\"><path d=\"M310.6 361.4c12.5 12.5 12.5 32.75 0 45.25C304.4 412.9 296.2 416 288 416s-16.38-3.125-22.62-9.375L160 301.3L54.63 406.6C48.38 412.9 40.19 416 32 416S15.63 412.9 9.375 406.6c-12.5-12.5-12.5-32.75 0-45.25l105.4-105.4L9.375 150.6c-12.5-12.5-12.5-32.75 0-45.25s32.75-12.5 45.25 0L160 210.8l105.4-105.4c12.5-12.5 32.75-12.5 45.25 0s12.5 32.75 0 45.25l-105.4 105.4L310.6 361.4z\"><\/path><\/svg><\/button><\/div><\/div><\/div>\n<\/div>\n<\/div>\n<\/div><\/div>\n\n\n\n<p><\/p>\n","protected":false},"excerpt":{"rendered":"<p>Nos domaines de comp\u00e9tences<\/p>\n","protected":false},"author":1,"featured_media":0,"parent":0,"menu_order":0,"comment_status":"closed","ping_status":"closed","template":"","meta":{"_uag_custom_page_level_css":"","site-sidebar-layout":"default","site-content-layout":"","ast-site-content-layout":"default","site-content-style":"default","site-sidebar-style":"default","ast-global-header-display":"","ast-banner-title-visibility":"","ast-main-header-display":"","ast-hfb-above-header-display":"","ast-hfb-below-header-display":"","ast-hfb-mobile-header-display":"","site-post-title":"disabled","ast-breadcrumbs-content":"","ast-featured-img":"","footer-sml-layout":"","ast-disable-related-posts":"","theme-transparent-header-meta":"","adv-header-id-meta":"","stick-header-meta":"","header-above-stick-meta":"","header-main-stick-meta":"","header-below-stick-meta":"","astra-migrate-meta-layouts":"set","ast-page-background-enabled":"default","ast-page-background-meta":{"desktop":{"background-color":"var(--ast-global-color-4)","background-image":"","background-repeat":"repeat","background-position":"center center","background-size":"auto","background-attachment":"scroll","background-type":"","background-media":"","overlay-type":"","overlay-color":"","overlay-opacity":"","overlay-gradient":""},"tablet":{"background-color":"","background-image":"","background-repeat":"repeat","background-position":"center center","background-size":"auto","background-attachment":"scroll","background-type":"","background-media":"","overlay-type":"","overlay-color":"","overlay-opacity":"","overlay-gradient":""},"mobile":{"background-color":"","background-image":"","background-repeat":"repeat","background-position":"center center","background-size":"auto","background-attachment":"scroll","background-type":"","background-media":"","overlay-type":"","overlay-color":"","overlay-opacity":"","overlay-gradient":""}},"ast-content-background-meta":{"desktop":{"background-color":"var(--ast-global-color-5)","background-image":"","background-repeat":"repeat","background-position":"center center","background-size":"auto","background-attachment":"scroll","background-type":"","background-media":"","overlay-type":"","overlay-color":"","overlay-opacity":"","overlay-gradient":""},"tablet":{"background-color":"var(--ast-global-color-5)","background-image":"","background-repeat":"repeat","background-position":"center center","background-size":"auto","background-attachment":"scroll","background-type":"","background-media":"","overlay-type":"","overlay-color":"","overlay-opacity":"","overlay-gradient":""},"mobile":{"background-color":"var(--ast-global-color-5)","background-image":"","background-repeat":"repeat","background-position":"center center","background-size":"auto","background-attachment":"scroll","background-type":"","background-media":"","overlay-type":"","overlay-color":"","overlay-opacity":"","overlay-gradient":""}},"footnotes":""},"class_list":["post-2942","page","type-page","status-publish","hentry"],"uagb_featured_image_src":{"full":false,"thumbnail":false,"medium":false,"medium_large":false,"large":false,"1536x1536":false,"2048x2048":false},"uagb_author_info":{"display_name":"msintes","author_link":"https:\/\/smiconsult.fr\/?author=1"},"uagb_comment_info":0,"uagb_excerpt":"Nos domaines de comp\u00e9tences","_links":{"self":[{"href":"https:\/\/smiconsult.fr\/index.php?rest_route=\/wp\/v2\/pages\/2942","targetHints":{"allow":["GET"]}}],"collection":[{"href":"https:\/\/smiconsult.fr\/index.php?rest_route=\/wp\/v2\/pages"}],"about":[{"href":"https:\/\/smiconsult.fr\/index.php?rest_route=\/wp\/v2\/types\/page"}],"author":[{"embeddable":true,"href":"https:\/\/smiconsult.fr\/index.php?rest_route=\/wp\/v2\/users\/1"}],"replies":[{"embeddable":true,"href":"https:\/\/smiconsult.fr\/index.php?rest_route=%2Fwp%2Fv2%2Fcomments&post=2942"}],"version-history":[{"count":9,"href":"https:\/\/smiconsult.fr\/index.php?rest_route=\/wp\/v2\/pages\/2942\/revisions"}],"predecessor-version":[{"id":3106,"href":"https:\/\/smiconsult.fr\/index.php?rest_route=\/wp\/v2\/pages\/2942\/revisions\/3106"}],"wp:attachment":[{"href":"https:\/\/smiconsult.fr\/index.php?rest_route=%2Fwp%2Fv2%2Fmedia&parent=2942"}],"curies":[{"name":"wp","href":"https:\/\/api.w.org\/{rel}","templated":true}]}}