{"id":2797,"date":"2025-11-24T14:42:49","date_gmt":"2025-11-24T13:42:49","guid":{"rendered":"http:\/\/localhost\/smi\/?page_id=2797"},"modified":"2025-12-25T21:49:31","modified_gmt":"2025-12-25T20:49:31","slug":"a-propos","status":"publish","type":"page","link":"https:\/\/smiconsult.fr\/?page_id=2797","title":{"rendered":"A propos"},"content":{"rendered":"\n<div id=\"about\" class=\"wp-block-uagb-container uagb-block-5f08c9e2 alignfull uagb-is-root-container\"><div class=\"uagb-container-inner-blocks-wrap\">\n<div class=\"wp-block-uagb-container uagb-block-0aa95e83\">\n<p><\/p>\n\n\n\n<div class=\"wp-block-uagb-advanced-heading uagb-block-4ac55660\"><h2 class=\"uagb-heading-text\">Qui sommes nous ?<\/h2><\/div>\n\n\n\n<p class=\"has-medium-font-size\" style=\"line-height:1.7\">Nous sommes forts de plus de 15 ans d\u2019exp\u00e9rience dans la mise en place d\u2019outils informatique aupr\u00e8s des professionnels de sant\u00e9, dont 10 ans au service des <strong>PSAD <\/strong>et <strong>PSDM<\/strong>.<br><br>Notre connaissance de <strong>vos m\u00e9tiers<\/strong>, avec leurs <strong>contraintes <\/strong>et leurs <strong>obligations<\/strong>, de l\u2019aspect r\u00e8glementaire en constante \u00e9volution et de vos attentes au quotidien, sont les atouts que nous mettons \u00e0 votre service.<br>Le choix de vos outils informatiques, et l&rsquo;optimisation de leur , sont autant de <strong>leviers de rentabilit\u00e9<\/strong>, et ne doivent pas repr\u00e9senter un frein \u00e0 votre activit\u00e9.<br><br>Nous vous facilitons la t\u00e2che en prenant en charge votre informatique et en vous proposant :<\/p>\n\n\n\n<ul class=\"wp-block-list has-medium-font-size\">\n<li class=\"has-medium-font-size\" style=\"padding-top:0;padding-right:var(--wp--preset--spacing--50);padding-bottom:0;padding-left:var(--wp--preset--spacing--50)\">Audit et accompagnement au <strong>changement<\/strong><\/li>\n\n\n\n<li class=\"has-medium-font-size\" style=\"padding-top:0;padding-right:var(--wp--preset--spacing--50);padding-bottom:0;padding-left:var(--wp--preset--spacing--50)\"><strong>Optimisation <\/strong>de vos processus (facturation, r\u00e8glements, stocks et logistique, tra\u00e7abilit\u00e9 \u2026 )<\/li>\n\n\n\n<li class=\"has-medium-font-size\" style=\"padding-top:0;padding-right:var(--wp--preset--spacing--50);padding-bottom:0;padding-left:var(--wp--preset--spacing--50)\">Prestations, Formation, Int\u00e9gration et traitement de donn\u00e9es<\/li>\n<\/ul>\n\n\n\n<div class=\"wp-block-uagb-info-box uagb-block-9e0bd72a uagb-infobox__content-wrap  uagb-infobox-icon-left uagb-infobox-left uagb-infobox-image-valign-top\"><div class=\"uagb-ifb-icon-wrap\"><div class=\"uagb-iconbox-icon-wrap uagb-infobox-shape-circle\"><svg xmlns=\"https:\/\/www.w3.org\/2000\/svg\" viewBox=\"0 0 448 512\"><path d=\"M171.7 232.8A5.381 5.381 0 0 0 176.7 229.5 48.08 48.08 0 0 1 191.6 204.2c1.243-.828 1.657-2.484 1.657-4.141a4.22 4.22 0 0 0 -2.071-3.312L74.43 128.5 148.1 85a9.941 9.941 0 0 0 4.968-8.281 9.108 9.108 0 0 0 -4.968-8.281L126.6 55.6a9.748 9.748 0 0 0 -9.523 0l-100.2 57.97a9.943 9.943 0 0 0 -4.969 8.281V236.1a9.109 9.109 0 0 0 4.969 8.281L39.24 258.1a8.829 8.829 0 0 0 4.968 1.242 9.4 9.4 0 0 0 6.625-2.484 10.8 10.8 0 0 0 2.9-7.039V164.5L169.7 232.4A4.5 4.5 0 0 0 171.7 232.8zM323.3 377.7a12.48 12.48 0 0 0 -4.969 1.242l-74.53 43.06V287.9c0-2.9-2.9-5.8-6.211-4.555a53.04 53.04 0 0 1 -28.98 .414 4.86 4.86 0 0 0 -6.21 4.555V421.6l-74.53-43.06a8.83 8.83 0 0 0 -4.969-1.242 9.631 9.631 0 0 0 -9.523 9.523v26.08a9.107 9.107 0 0 0 4.969 8.281l100.2 57.55A8.829 8.829 0 0 0 223.5 480a11.03 11.03 0 0 0 4.969-1.242l100.2-57.55a9.941 9.941 0 0 0 4.968-8.281V386.8C332.8 382.3 328.2 377.7 323.3 377.7zM286 78a23 23 0 1 0 -23-23A23 23 0 0 0 286 78zm63.63-10.09a23 23 0 1 0 23 23A23 23 0 0 0 349.6 67.91zM412.8 151.6a23 23 0 1 0 -23-23A23 23 0 0 0 412.8 151.6zm-63.18-9.2a23 23 0 1 0 23 23A23 23 0 0 0 349.6 142.4zm-63.63 83.24a23 23 0 1 0 -23-23A23 23 0 0 0 286 225.6zm-62.07 36.36a23 23 0 1 0 -23-23A23 23 0 0 0 223.9 262zm188.9-82.36a23 23 0 1 0 23 23A23 23 0 0 0 412.8 179.6zm0 72.27a23 23 0 1 0 23 23A23 23 0 0 0 412.8 251.9z\"><\/path><\/svg><\/div><\/div><div class=\"uagb-ifb-content\"><div class=\"uagb-ifb-title-wrap\"><h5 class=\"uagb-ifb-title\"><br>Vous recherchez  un logiciel m\u00e9tier<\/h5><\/div><p class=\"uagb-ifb-desc\">Nous vous assistons dans votre recherche et vous aidons \u00e0 faire votre choix en comparant les produits existants, et en v\u00e9rifiant leur ad\u00e9quation avec vos besoins et votre budget.<\/p><\/div><\/div>\n\n\n\n<div class=\"wp-block-uagb-info-box uagb-block-0a47445e uagb-infobox__content-wrap  uagb-infobox-icon-left uagb-infobox-left uagb-infobox-image-valign-top\"><div class=\"uagb-ifb-icon-wrap\"><div class=\"uagb-iconbox-icon-wrap uagb-infobox-shape-circle\"><svg xmlns=\"https:\/\/www.w3.org\/2000\/svg\" viewBox=\"0 0 640 512\"><path d=\"M192 96C192 113.7 206.3 128 224 128H320V192H288C243.8 192 208 227.8 208 272V384C187.1 384 169.3 397.4 162.7 416H48C21.49 416 0 394.5 0 368V48C0 21.49 21.49 0 48 0H192V96zM240 272C240 245.5 261.5 224 288 224H544C570.5 224 592 245.5 592 272V416H624C632.8 416 640 423.2 640 432V448C640 483.3 611.3 512 576 512H256C220.7 512 192 483.3 192 448V432C192 423.2 199.2 416 208 416H240V272zM304 288V416H528V288H304zM320 96H224V0L320 96z\"><\/path><\/svg><\/div><\/div><div class=\"uagb-ifb-content\"><div class=\"uagb-ifb-title-wrap\"><h5 class=\"uagb-ifb-title\"><br>Vous avez des attentes techniques<\/h5><\/div><p class=\"uagb-ifb-desc\">Nous pouvons vous proposer divers mat\u00e9riels et prestations (installation, maintenance &#8230; )<\/p><\/div><\/div>\n\n\n\n<div class=\"wp-block-uagb-info-box uagb-block-2c91aeb0 uagb-infobox__content-wrap  uagb-infobox-icon-left uagb-infobox-left uagb-infobox-image-valign-top\"><div class=\"uagb-ifb-icon-wrap\"><div class=\"uagb-iconbox-icon-wrap uagb-infobox-shape-circle\"><svg xmlns=\"https:\/\/www.w3.org\/2000\/svg\" viewBox=\"0 0 640 512\"><path d=\"M286.3 155.1C287.4 161.9 288 168.9 288 175.1C288 183.1 287.4 190.1 286.3 196.9L308.5 216.7C315.5 223 318.4 232.1 314.7 241.7C312.4 246.1 309.9 252.2 307.1 257.2L304 262.6C300.1 267.6 297.7 272.4 294.2 277.1C288.5 284.7 278.5 287.2 269.5 284.2L241.2 274.9C230.5 283.8 218.3 290.9 205 295.9L198.1 324.9C197 334.2 189.8 341.6 180.4 342.8C173.7 343.6 166.9 344 160 344C153.1 344 146.3 343.6 139.6 342.8C130.2 341.6 122.1 334.2 121 324.9L114.1 295.9C101.7 290.9 89.5 283.8 78.75 274.9L50.53 284.2C41.54 287.2 31.52 284.7 25.82 277.1C22.28 272.4 18.98 267.5 15.94 262.5L12.92 257.2C10.13 252.2 7.592 247 5.324 241.7C1.62 232.1 4.458 223 11.52 216.7L33.7 196.9C32.58 190.1 31.1 183.1 31.1 175.1C31.1 168.9 32.58 161.9 33.7 155.1L11.52 135.3C4.458 128.1 1.62 119 5.324 110.3C7.592 104.1 10.13 99.79 12.91 94.76L15.95 89.51C18.98 84.46 22.28 79.58 25.82 74.89C31.52 67.34 41.54 64.83 50.53 67.79L78.75 77.09C89.5 68.25 101.7 61.13 114.1 56.15L121 27.08C122.1 17.8 130.2 10.37 139.6 9.231C146.3 8.418 153.1 8 160 8C166.9 8 173.7 8.418 180.4 9.23C189.8 10.37 197 17.8 198.1 27.08L205 56.15C218.3 61.13 230.5 68.25 241.2 77.09L269.5 67.79C278.5 64.83 288.5 67.34 294.2 74.89C297.7 79.56 300.1 84.42 304 89.44L307.1 94.83C309.9 99.84 312.4 105 314.7 110.3C318.4 119 315.5 128.1 308.5 135.3L286.3 155.1zM160 127.1C133.5 127.1 112 149.5 112 175.1C112 202.5 133.5 223.1 160 223.1C186.5 223.1 208 202.5 208 175.1C208 149.5 186.5 127.1 160 127.1zM484.9 478.3C478.1 479.4 471.1 480 464 480C456.9 480 449.9 479.4 443.1 478.3L423.3 500.5C416.1 507.5 407 510.4 398.3 506.7C393 504.4 387.8 501.9 382.8 499.1L377.4 496C372.4 492.1 367.6 489.7 362.9 486.2C355.3 480.5 352.8 470.5 355.8 461.5L365.1 433.2C356.2 422.5 349.1 410.3 344.1 397L315.1 390.1C305.8 389 298.4 381.8 297.2 372.4C296.4 365.7 296 358.9 296 352C296 345.1 296.4 338.3 297.2 331.6C298.4 322.2 305.8 314.1 315.1 313L344.1 306.1C349.1 293.7 356.2 281.5 365.1 270.8L355.8 242.5C352.8 233.5 355.3 223.5 362.9 217.8C367.6 214.3 372.5 210.1 377.5 207.9L382.8 204.9C387.8 202.1 392.1 199.6 398.3 197.3C407 193.6 416.1 196.5 423.3 203.5L443.1 225.7C449.9 224.6 456.9 224 464 224C471.1 224 478.1 224.6 484.9 225.7L504.7 203.5C511 196.5 520.1 193.6 529.7 197.3C535 199.6 540.2 202.1 545.2 204.9L550.5 207.9C555.5 210.1 560.4 214.3 565.1 217.8C572.7 223.5 575.2 233.5 572.2 242.5L562.9 270.8C571.8 281.5 578.9 293.7 583.9 306.1L612.9 313C622.2 314.1 629.6 322.2 630.8 331.6C631.6 338.3 632 345.1 632 352C632 358.9 631.6 365.7 630.8 372.4C629.6 381.8 622.2 389 612.9 390.1L583.9 397C578.9 410.3 571.8 422.5 562.9 433.2L572.2 461.5C575.2 470.5 572.7 480.5 565.1 486.2C560.4 489.7 555.6 492.1 550.6 496L545.2 499.1C540.2 501.9 534.1 504.4 529.7 506.7C520.1 510.4 511 507.5 504.7 500.5L484.9 478.3zM512 352C512 325.5 490.5 304 464 304C437.5 304 416 325.5 416 352C416 378.5 437.5 400 464 400C490.5 400 512 378.5 512 352z\"><\/path><\/svg><\/div><\/div><div class=\"uagb-ifb-content\"><div class=\"uagb-ifb-title-wrap\"><h5 class=\"uagb-ifb-title\"><br>Vous avez des demandes sp\u00e9cifiques<\/h5><\/div><p class=\"uagb-ifb-desc\">Nous pouvons r\u00e9aliser divers d\u00e9veloppements sp\u00e9cifiques autour de vous outils (BI \/ Reporting, tableaux de bord &#8230; )<\/p><\/div><\/div>\n<\/div>\n<\/div><\/div>\n","protected":false},"excerpt":{"rendered":"<p>Qui sommes nous ? Nous sommes forts de plus de 15 ans d\u2019exp\u00e9rience dans la mise en place d\u2019outils informatique aupr\u00e8s des professionnels de sant\u00e9, dont 10 ans au service des PSAD et PSDM. Notre connaissance de vos m\u00e9tiers, avec leurs contraintes et leurs obligations, de l\u2019aspect r\u00e8glementaire en constante \u00e9volution et de vos attentes [&hellip;]<\/p>\n","protected":false},"author":1,"featured_media":0,"parent":0,"menu_order":0,"comment_status":"closed","ping_status":"closed","template":"","meta":{"_uag_custom_page_level_css":"","site-sidebar-layout":"default","site-content-layout":"","ast-site-content-layout":"default","site-content-style":"default","site-sidebar-style":"default","ast-global-header-display":"","ast-banner-title-visibility":"","ast-main-header-display":"","ast-hfb-above-header-display":"","ast-hfb-below-header-display":"","ast-hfb-mobile-header-display":"","site-post-title":"disabled","ast-breadcrumbs-content":"","ast-featured-img":"","footer-sml-layout":"","ast-disable-related-posts":"","theme-transparent-header-meta":"","adv-header-id-meta":"","stick-header-meta":"","header-above-stick-meta":"","header-main-stick-meta":"","header-below-stick-meta":"","astra-migrate-meta-layouts":"set","ast-page-background-enabled":"default","ast-page-background-meta":{"desktop":{"background-color":"var(--ast-global-color-4)","background-image":"","background-repeat":"repeat","background-position":"center center","background-size":"auto","background-attachment":"scroll","background-type":"","background-media":"","overlay-type":"","overlay-color":"","overlay-opacity":"","overlay-gradient":""},"tablet":{"background-color":"","background-image":"","background-repeat":"repeat","background-position":"center center","background-size":"auto","background-attachment":"scroll","background-type":"","background-media":"","overlay-type":"","overlay-color":"","overlay-opacity":"","overlay-gradient":""},"mobile":{"background-color":"","background-image":"","background-repeat":"repeat","background-position":"center center","background-size":"auto","background-attachment":"scroll","background-type":"","background-media":"","overlay-type":"","overlay-color":"","overlay-opacity":"","overlay-gradient":""}},"ast-content-background-meta":{"desktop":{"background-color":"var(--ast-global-color-5)","background-image":"","background-repeat":"repeat","background-position":"center center","background-size":"auto","background-attachment":"scroll","background-type":"","background-media":"","overlay-type":"","overlay-color":"","overlay-opacity":"","overlay-gradient":""},"tablet":{"background-color":"var(--ast-global-color-5)","background-image":"","background-repeat":"repeat","background-position":"center center","background-size":"auto","background-attachment":"scroll","background-type":"","background-media":"","overlay-type":"","overlay-color":"","overlay-opacity":"","overlay-gradient":""},"mobile":{"background-color":"var(--ast-global-color-5)","background-image":"","background-repeat":"repeat","background-position":"center center","background-size":"auto","background-attachment":"scroll","background-type":"","background-media":"","overlay-type":"","overlay-color":"","overlay-opacity":"","overlay-gradient":""}},"footnotes":""},"class_list":["post-2797","page","type-page","status-publish","hentry"],"uagb_featured_image_src":{"full":false,"thumbnail":false,"medium":false,"medium_large":false,"large":false,"1536x1536":false,"2048x2048":false},"uagb_author_info":{"display_name":"msintes","author_link":"https:\/\/smiconsult.fr\/?author=1"},"uagb_comment_info":0,"uagb_excerpt":"Qui sommes nous ? Nous sommes forts de plus de 15 ans d\u2019exp\u00e9rience dans la mise en place d\u2019outils informatique aupr\u00e8s des professionnels de sant\u00e9, dont 10 ans au service des PSAD et PSDM. Notre connaissance de vos m\u00e9tiers, avec leurs contraintes et leurs obligations, de l\u2019aspect r\u00e8glementaire en constante \u00e9volution et de vos attentes\u2026","_links":{"self":[{"href":"https:\/\/smiconsult.fr\/index.php?rest_route=\/wp\/v2\/pages\/2797","targetHints":{"allow":["GET"]}}],"collection":[{"href":"https:\/\/smiconsult.fr\/index.php?rest_route=\/wp\/v2\/pages"}],"about":[{"href":"https:\/\/smiconsult.fr\/index.php?rest_route=\/wp\/v2\/types\/page"}],"author":[{"embeddable":true,"href":"https:\/\/smiconsult.fr\/index.php?rest_route=\/wp\/v2\/users\/1"}],"replies":[{"embeddable":true,"href":"https:\/\/smiconsult.fr\/index.php?rest_route=%2Fwp%2Fv2%2Fcomments&post=2797"}],"version-history":[{"count":13,"href":"https:\/\/smiconsult.fr\/index.php?rest_route=\/wp\/v2\/pages\/2797\/revisions"}],"predecessor-version":[{"id":3104,"href":"https:\/\/smiconsult.fr\/index.php?rest_route=\/wp\/v2\/pages\/2797\/revisions\/3104"}],"wp:attachment":[{"href":"https:\/\/smiconsult.fr\/index.php?rest_route=%2Fwp%2Fv2%2Fmedia&parent=2797"}],"curies":[{"name":"wp","href":"https:\/\/api.w.org\/{rel}","templated":true}]}}