{"id":2790,"date":"2025-11-24T14:30:35","date_gmt":"2025-11-24T13:30:35","guid":{"rendered":"http:\/\/localhost\/smi\/?page_id=2790"},"modified":"2025-12-25T21:51:58","modified_gmt":"2025-12-25T20:51:58","slug":"services","status":"publish","type":"page","link":"https:\/\/smiconsult.fr\/?page_id=2790","title":{"rendered":"Services"},"content":{"rendered":"\n<div id=\"services\" class=\"wp-block-uagb-container uagb-block-20e56ae5 alignfull uagb-is-root-container\">\n<p><\/p>\n\n\n\n<div class=\"wp-block-uagb-advanced-heading uagb-block-2ccfc1f7\"><h2 class=\"uagb-heading-text\">Nos services<\/h2><\/div>\n\n\n\n<div class=\"wp-block-uagb-container uagb-block-a26e3ce9\">\n<div data-aos= \"fade-right\" data-aos-duration=\"400\" data-aos-delay=\"0\" data-aos-easing=\"ease\" data-aos-once=\"true\" class=\"wp-block-uagb-container uagb-block-b9f7b391\">\n<div class=\"wp-block-uagb-info-box uagb-block-6b60b6a9 uagb-infobox__content-wrap  uagb-infobox-icon-left-title uagb-infobox-left uagb-infobox-image-valign-top wp-block-uagb-info-box--has-margin\"><div class=\"uagb-infobox-margin-wrapper\"><div class=\"uagb-ifb-content\"><div class=\"uagb-ifb-left-title-image\"><div class=\"uagb-ifb-icon-wrap\"><svg xmlns=\"https:\/\/www.w3.org\/2000\/svg\" viewBox=\"0 0 320 512\"><path d=\"M204.3 32.01H96c-52.94 0-96 43.06-96 96c0 17.67 14.31 31.1 32 31.1s32-14.32 32-31.1c0-17.64 14.34-32 32-32h108.3C232.8 96.01 256 119.2 256 147.8c0 19.72-10.97 37.47-30.5 47.33L127.8 252.4C117.1 258.2 112 268.7 112 280v40c0 17.67 14.31 31.99 32 31.99s32-14.32 32-31.99V298.3L256 251.3c39.47-19.75 64-59.42 64-103.5C320 83.95 268.1 32.01 204.3 32.01zM144 400c-22.09 0-40 17.91-40 40s17.91 39.1 40 39.1s40-17.9 40-39.1S166.1 400 144 400z\"><\/path><\/svg><\/div><div class=\"uagb-ifb-title-wrap\"><h5 class=\"uagb-ifb-title\">Audit <br><\/h5><\/div><\/div><p class=\"uagb-ifb-desc\"><strong>Nous pouvons auditer l&rsquo;utilisation qui est faite de votre ERP . <br><br>Un rapport d&rsquo;audit vous sera remis avec <\/strong>: <br><\/p><\/div><\/div><\/div>\n\n\n\n<ul class=\"wp-block-list\">\n<li class=\"has-ast-global-color-2-color has-text-color has-link-color wp-elements-0142eaef3c03646faecdf19b1da7767f\"><strong>les \u00e9ventuels points d&rsquo;attention<\/strong><\/li>\n\n\n\n<li class=\"has-black-color has-text-color has-link-color wp-elements-9e536e7c31db4a430278250fe0ddc1dd\"><strong>les axes d&rsquo;am\u00e9lioration envisageables.<\/strong><\/li>\n<\/ul>\n\n\n\n<div class=\"wp-block-uagb-modal uagb-block-32484b50 uagb-modal-wrapper\" data-escpress=\"enable\" data-overlayclick=\"enable\"><span class=\"uagb-modal-text uagb-modal-trigger\">Plus d&rsquo;info &#8230;..<\/span><div class=\"uagb-effect-default uagb-modal-popup uagb-block-32484b50 uagb-modal-type-undefined\"><div class=\"uagb-modal-popup-wrap\"><div class=\"uagb-modal-popup-content\">\n<div class=\"wp-block-uagb-info-box uagb-block-2c92c4d4 uagb-infobox__content-wrap  uagb-infobox-icon-above-title uagb-infobox-image-valign-top\"><div class=\"uagb-ifb-content\"><div class=\"uagb-ifb-icon-wrap\"><svg xmlns=\"https:\/\/www.w3.org\/2000\/svg\" viewBox=\"0 0 512 512\"><path d=\"M0 256C0 114.6 114.6 0 256 0C397.4 0 512 114.6 512 256C512 397.4 397.4 512 256 512C114.6 512 0 397.4 0 256zM371.8 211.8C382.7 200.9 382.7 183.1 371.8 172.2C360.9 161.3 343.1 161.3 332.2 172.2L224 280.4L179.8 236.2C168.9 225.3 151.1 225.3 140.2 236.2C129.3 247.1 129.3 264.9 140.2 275.8L204.2 339.8C215.1 350.7 232.9 350.7 243.8 339.8L371.8 211.8z\"><\/path><\/svg><\/div><div class=\"uagb-ifb-title-wrap\"><h3 class=\"uagb-ifb-title\">Audit<\/h3><\/div><p class=\"uagb-ifb-desc\">Pour donner un v\u00e9ritable ROI \u00e0 son ERP<\/p><\/div><\/div>\n\n\n\n<p><strong>Un audit comment cela se passe  ?<\/strong><br>Un audit permet d\u2019analyser, avec une vision externe, les processus g\u00e9r\u00e9s dans votre ERP et d\u2019optimiser son utilisation. Il se compose de plusieurs \u00e9tapes :<\/p>\n\n\n\n<ul class=\"wp-block-list\">\n<li>Identification d\u00e9taill\u00e9e de chaque processus.<\/li>\n\n\n\n<li>Evaluation des fonctionnalit\u00e9s de l\u2019outil et de leur maitrise par les diff\u00e9rents acteurs.<\/li>\n\n\n\n<li>Evaluation de la satisfaction des acteurs<\/li>\n\n\n\n<li>Evaluation de l\u2019ad\u00e9quation du r\u00e9sultat avec vos attentes et la r\u00e8glementation.<\/li>\n<\/ul>\n\n\n\n<p><\/p>\n\n\n\n<p>Un <strong>rapport d&rsquo;audit<\/strong> d\u00e9taill\u00e9 par processus est d\u00e9livr\u00e9 \u00e0 l&rsquo;issue de l&rsquo;analyse. Il permet de synth\u00e9tiser les \u00e9l\u00e9ments relev\u00e9s .<\/p>\n\n\n\n<ul class=\"wp-block-list\">\n<li>Les points forts afin de s\u2019appuyer sur ce qui est d\u00e9j\u00e0 en place.<\/li>\n\n\n\n<li>Les points d\u2019attention afin de mettre en \u00e9vidence ce qui peut \u00eatre am\u00e9lior\u00e9<\/li>\n\n\n\n<li>Proposition d\u2019axes d\u2019am\u00e9lioration (Formation, param\u00e9trages, ajout de module compl\u00e9mentaire \u2026)<\/li>\n\n\n\n<li>Pr\u00e9conisations d\u2019ordre g\u00e9n\u00e9ral<\/li>\n<\/ul>\n\n\n\n<p><\/p>\n\n\n\n<p><strong>Mise en place des pr\u00e9conisations<\/strong><br>Selon vos souhaits, nous vous accompagnerons<strong> <\/strong>dans la mise en place des changements que vous jugerez opportuns.<\/p>\n\n\n\n<ul class=\"wp-block-list\">\n<li>Prestations de mise en place et d\u2019accompagnement<\/li>\n\n\n\n<li>Suivi et \u00e9valuation des changements.<\/li>\n\n\n\n<li>R\u00e9alisation d&rsquo;<strong>actions correctives<\/strong> si besoin<\/li>\n<\/ul>\n<\/div><button class=\"uagb-modal-popup-close\" aria-label=\"Close Modal\"><svg xmlns=\"https:\/\/www.w3.org\/2000\/svg\" viewBox=\"0 0 320 512\"><path d=\"M310.6 361.4c12.5 12.5 12.5 32.75 0 45.25C304.4 412.9 296.2 416 288 416s-16.38-3.125-22.62-9.375L160 301.3L54.63 406.6C48.38 412.9 40.19 416 32 416S15.63 412.9 9.375 406.6c-12.5-12.5-12.5-32.75 0-45.25l105.4-105.4L9.375 150.6c-12.5-12.5-12.5-32.75 0-45.25s32.75-12.5 45.25 0L160 210.8l105.4-105.4c12.5-12.5 32.75-12.5 45.25 0s12.5 32.75 0 45.25l-105.4 105.4L310.6 361.4z\"><\/path><\/svg><\/button><\/div><\/div><\/div>\n<\/div>\n\n\n\n<div data-aos= \"fade-down\" data-aos-duration=\"400\" data-aos-delay=\"0\" data-aos-easing=\"ease\" data-aos-once=\"true\" class=\"wp-block-uagb-container uagb-block-0159cccf\">\n<div class=\"wp-block-uagb-info-box uagb-block-84b6e69c uagb-infobox__content-wrap  uagb-infobox-icon-left-title uagb-infobox-left uagb-infobox-image-valign-top wp-block-uagb-info-box--has-margin\"><div class=\"uagb-infobox-margin-wrapper\"><div class=\"uagb-ifb-content\"><div class=\"uagb-ifb-left-title-image\"><div class=\"uagb-ifb-icon-wrap\"><svg xmlns=\"https:\/\/www.w3.org\/2000\/svg\" viewBox=\"0 0 496 512\"><path d=\"M247.6 8C389.4 8 496 118.1 496 256c0 147.1-118.5 248-248.4 248C113.6 504 0 394.5 0 256 0 123.1 104.7 8 247.6 8zm.8 44.7C130.2 52.7 44.7 150.6 44.7 256c0 109.8 91.2 202.8 203.7 202.8 103.2 0 202.8-81.1 202.8-202.8 .1-113.8-90.2-203.3-202.8-203.3zm107 205.6c-4.7 0-9 2.8-10.7 7.2l-4 9.5-11-92.8c-1.7-13.9-22-13.4-23.1 .4l-4.3 51.4-5.2-68.8c-1.1-14.3-22.1-14.2-23.2 0l-3.5 44.9-5.9-94.3c-.9-14.5-22.3-14.4-23.2 0l-5.1 83.7-4.3-66.3c-.9-14.4-22.2-14.4-23.2 0l-5.3 80.2-4.1-57c-1.1-14.3-22-14.3-23.2-.2l-7.7 89.8-1.8-12.2c-1.7-11.4-17.1-13.6-22-3.3l-13.2 27.7H87.5v23.2h51.3c4.4 0 8.4-2.5 10.4-6.4l10.7 73.1c2 13.5 21.9 13 23.1-.7l3.8-43.6 5.7 78.3c1.1 14.4 22.3 14.2 23.2-.1l4.6-70.4 4.8 73.3c.9 14.4 22.3 14.4 23.2-.1l4.9-80.5 4.5 71.8c.9 14.3 22.1 14.5 23.2 .2l4.6-58.6 4.9 64.4c1.1 14.3 22 14.2 23.1 .1l6.8-83 2.7 22.3c1.4 11.8 17.7 14.1 22.3 3.1l18-43.4h50.5V258l-58.4 .3zm-78 5.2h-21.9v21.9c0 4.1-3.3 7.5-7.5 7.5-4.1 0-7.5-3.3-7.5-7.5v-21.9h-21.9c-4.1 0-7.5-3.3-7.5-7.5 0-4.1 3.4-7.5 7.5-7.5h21.9v-21.9c0-4.1 3.4-7.5 7.5-7.5s7.5 3.3 7.5 7.5v21.9h21.9c4.1 0 7.5 3.3 7.5 7.5 0 4.1-3.4 7.5-7.5 7.5z\"><\/path><\/svg><\/div><div class=\"uagb-ifb-title-wrap\"><h5 class=\"uagb-ifb-title\">Consulting<br><\/h5><\/div><\/div><p class=\"uagb-ifb-desc\"><strong>Nous pouvons vous accompagner dans la mise en place de process et outils tels que : <br><\/strong><\/p><\/div><\/div><\/div>\n\n\n\n<ul class=\"wp-block-list\">\n<li class=\"has-ast-global-color-2-color has-text-color has-link-color wp-elements-dea9e957ba8f572ce1050d7b866c03e9\"><strong>FSE<\/strong><\/li>\n\n\n\n<li class=\"has-ast-global-color-2-color has-text-color has-link-color wp-elements-b94f67233263cc6dc3c8a17f85dcbb06\"><strong>Sesam<\/strong> <strong>Vitale<\/strong><\/li>\n\n\n\n<li class=\"has-ast-global-color-2-color has-text-color has-link-color wp-elements-fe8b151f6e6b964c187e2963c002f6ef\"><strong>Gestion des stocks<\/strong><\/li>\n\n\n\n<li class=\"has-ast-global-color-2-color has-text-color has-link-color wp-elements-266b1d06a0b1e0ecea163aafadac807d\"><strong>Tra\u00e7abilit\u00e9 des DM<\/strong><\/li>\n<\/ul>\n\n\n\n<div class=\"wp-block-uagb-modal uagb-block-e591e7b4 uagb-modal-wrapper\" data-escpress=\"enable\" data-overlayclick=\"disable\"><span class=\"uagb-modal-text uagb-modal-trigger\">Plus d&rsquo;info &#8230;..<\/span><div class=\"uagb-effect-default uagb-modal-popup uagb-block-e591e7b4 uagb-modal-type-undefined\"><div class=\"uagb-modal-popup-wrap\"><div class=\"uagb-modal-popup-content\">\n<div class=\"wp-block-uagb-info-box uagb-block-efa92ada uagb-infobox__content-wrap  uagb-infobox-icon-above-title uagb-infobox-image-valign-top\"><div class=\"uagb-ifb-content\"><div class=\"uagb-ifb-icon-wrap\"><svg xmlns=\"https:\/\/www.w3.org\/2000\/svg\" viewBox=\"0 0 512 512\"><path d=\"M0 256C0 114.6 114.6 0 256 0C397.4 0 512 114.6 512 256C512 397.4 397.4 512 256 512C114.6 512 0 397.4 0 256zM371.8 211.8C382.7 200.9 382.7 183.1 371.8 172.2C360.9 161.3 343.1 161.3 332.2 172.2L224 280.4L179.8 236.2C168.9 225.3 151.1 225.3 140.2 236.2C129.3 247.1 129.3 264.9 140.2 275.8L204.2 339.8C215.1 350.7 232.9 350.7 243.8 339.8L371.8 211.8z\"><\/path><\/svg><\/div><div class=\"uagb-ifb-title-wrap\"><h3 class=\"uagb-ifb-title\">Consulting<\/h3><\/div><p class=\"uagb-ifb-desc\">Am\u00e9liorer vos processus informatis\u00e9s<\/p><\/div><\/div>\n\n\n\n<p><strong>Pour quoi faire ?<\/strong><\/p>\n\n\n\n<p>Divers processus ont \u00e9t\u00e9 mis en place avec l&rsquo;utilisation de votre ERP.<\/p>\n\n\n\n<ul class=\"wp-block-list\">\n<li>Vous pensez que certains peuvent (ou doivent) \u00eatre am\u00e9lior\u00e9s.<\/li>\n\n\n\n<li>Vous souhaitez mettre en place un nouveau processus ou une nouvelle fonctionnalit\u00e9<\/li>\n<\/ul>\n\n\n\n<p><\/p>\n\n\n\n<p><strong>Nous vous accompagnons<\/strong><\/p>\n\n\n\n<ul class=\"wp-block-list\">\n<li>Analyse de vos m\u00e9thodes de travail terrain (nouveau process)<\/li>\n\n\n\n<li>Analyse du process avec vos utilisateurs<\/li>\n\n\n\n<li>D\u00e9finition du process informatis\u00e9<\/li>\n\n\n\n<li>Mise en application (formation, param\u00e9trage, mise en place d&rsquo;outils&#8230;)<\/li>\n\n\n\n<li>Evaluation de la rentabilit\u00e9<\/li>\n\n\n\n<li>Am\u00e9lioration \u00e9ventuelle<\/li>\n<\/ul>\n<\/div><button class=\"uagb-modal-popup-close\" aria-label=\"Close Modal\"><svg xmlns=\"https:\/\/www.w3.org\/2000\/svg\" viewBox=\"0 0 320 512\"><path d=\"M310.6 361.4c12.5 12.5 12.5 32.75 0 45.25C304.4 412.9 296.2 416 288 416s-16.38-3.125-22.62-9.375L160 301.3L54.63 406.6C48.38 412.9 40.19 416 32 416S15.63 412.9 9.375 406.6c-12.5-12.5-12.5-32.75 0-45.25l105.4-105.4L9.375 150.6c-12.5-12.5-12.5-32.75 0-45.25s32.75-12.5 45.25 0L160 210.8l105.4-105.4c12.5-12.5 32.75-12.5 45.25 0s12.5 32.75 0 45.25l-105.4 105.4L310.6 361.4z\"><\/path><\/svg><\/button><\/div><\/div><\/div>\n<\/div>\n<\/div>\n\n\n\n<div class=\"wp-block-uagb-container uagb-block-e74cbcc5\">\n<div data-aos= \"fade-right\" data-aos-duration=\"400\" data-aos-delay=\"0\" data-aos-easing=\"ease\" data-aos-once=\"true\" class=\"wp-block-uagb-container uagb-block-34b43e88\">\n<div class=\"wp-block-uagb-info-box uagb-block-39f8b201 uagb-infobox__content-wrap  uagb-infobox-icon-left-title uagb-infobox-left uagb-infobox-image-valign-top wp-block-uagb-info-box--has-margin\"><div class=\"uagb-infobox-margin-wrapper\"><div class=\"uagb-ifb-content\"><div class=\"uagb-ifb-left-title-image\"><div class=\"uagb-ifb-icon-wrap\"><svg xmlns=\"https:\/\/www.w3.org\/2000\/svg\" viewBox=\"0 0 384 512\"><path d=\"M336 0h-288C21.49 0 0 21.49 0 48v416C0 490.5 21.49 512 48 512h288c26.51 0 48-21.49 48-48v-416C384 21.49 362.5 0 336 0zM192 160c35.35 0 64 28.65 64 64s-28.65 64-64 64S128 259.3 128 224S156.7 160 192 160zM288 416H96c-8.836 0-16-7.164-16-16C80 355.8 115.8 320 160 320h64c44.18 0 80 35.82 80 80C304 408.8 296.8 416 288 416zM240 96h-96C135.2 96 128 88.84 128 80S135.2 64 144 64h96C248.8 64 256 71.16 256 80S248.8 96 240 96z\"><\/path><\/svg><\/div><div class=\"uagb-ifb-title-wrap\"><h5 class=\"uagb-ifb-title\">Gestion du changement<br><\/h5><\/div><\/div><p class=\"uagb-ifb-desc\"><strong>Que vous recherchiez un logiciel, <br>que vous envisagiez un changement d&rsquo;outil, <br><br>Nous pouvons analyser vos besoins et vous aider \u00e0 trouver la solution en ad\u00e9quation avec vos sp\u00e9cificit\u00e9s, et vous accompagner durant toutes les phases du changement.<br><\/strong><\/p><\/div><\/div><\/div>\n\n\n\n<div class=\"wp-block-uagb-modal uagb-block-f79a1e4b uagb-modal-wrapper\" data-escpress=\"enable\" data-overlayclick=\"disable\"><span class=\"uagb-modal-text uagb-modal-trigger\">Plus d&rsquo;info &#8230;..<\/span><div class=\"uagb-effect-default uagb-modal-popup uagb-block-f79a1e4b uagb-modal-type-undefined\"><div class=\"uagb-modal-popup-wrap\"><div class=\"uagb-modal-popup-content\">\n<div class=\"wp-block-uagb-info-box uagb-block-d943c1c2 uagb-infobox__content-wrap  uagb-infobox-icon-above-title uagb-infobox-image-valign-top\"><div class=\"uagb-ifb-content\"><div class=\"uagb-ifb-icon-wrap\"><svg xmlns=\"https:\/\/www.w3.org\/2000\/svg\" viewBox=\"0 0 512 512\"><path d=\"M0 256C0 114.6 114.6 0 256 0C397.4 0 512 114.6 512 256C512 397.4 397.4 512 256 512C114.6 512 0 397.4 0 256zM371.8 211.8C382.7 200.9 382.7 183.1 371.8 172.2C360.9 161.3 343.1 161.3 332.2 172.2L224 280.4L179.8 236.2C168.9 225.3 151.1 225.3 140.2 236.2C129.3 247.1 129.3 264.9 140.2 275.8L204.2 339.8C215.1 350.7 232.9 350.7 243.8 339.8L371.8 211.8z\"><\/path><\/svg><\/div><div class=\"uagb-ifb-title-wrap\"><h3 class=\"uagb-ifb-title\">Projet d&rsquo;ERP<\/h3><\/div><p class=\"uagb-ifb-desc\">Acquisition ou changement de logiciel<\/p><\/div><\/div>\n\n\n\n<p><strong>Vous recherchez un logiciel<\/strong><\/p>\n\n\n\n<ul class=\"wp-block-list\">\n<li>Nous recueillons vos besoins<\/li>\n\n\n\n<li>Nous s\u00e9lectionnons plusieurs logiciels pouvant r\u00e9pondre \u00e0 vos attentes selon vos crit\u00e8res<\/li>\n\n\n\n<li>Nous organisons une pr\u00e9sentation par chacun des \u00e9diteurs s\u00e9lectionn\u00e9s<\/li>\n\n\n\n<li>Nous comparons les offres techniques et financi\u00e8res<\/li>\n\n\n\n<li>Nous vous accompagnons aux c\u00f4t\u00e9s de l\u2019\u00e9diteur pour la mise en production<\/li>\n<\/ul>\n\n\n\n<p><\/p>\n\n\n\n<p><strong>Vous souhaitez changer de logiciel<\/strong><\/p>\n\n\n\n<ul class=\"wp-block-list\">\n<li>Nous validons avec vous la n\u00e9cessit\u00e9 de changer l\u2019outil.<\/li>\n\n\n\n<li>Nous recueillons vos besoins et \u00e9tudions les donn\u00e9es contenues dans le logiciel actuel.<\/li>\n\n\n\n<li>Nous \u00e9valuons l\u2019int\u00e9r\u00eat, la faisabilit\u00e9 et le p\u00e9rim\u00e8tre d\u2019une reprise de donn\u00e9es (int\u00e9gration).<\/li>\n\n\n\n<li>Nous comparons avec vous les offres techniques et financi\u00e8res<\/li>\n\n\n\n<li>Vous choisissez le logiciel, et nous vous accompagnons aux c\u00f4t\u00e9s de l\u2019\u00e9diteur pour la mise en place.<\/li>\n\n\n\n<li>Nous nous chargeons de traiter la reprise de donn\u00e9es et l\u2019int\u00e9gration dans l\u2019outil s\u00e9lectionn\u00e9 (extraction des donn\u00e9es, \u00e9puration, d\u00e9doublonnage, formatage\u2026)<\/li>\n<\/ul>\n<\/div><button class=\"uagb-modal-popup-close\" aria-label=\"Close Modal\"><svg xmlns=\"https:\/\/www.w3.org\/2000\/svg\" viewBox=\"0 0 320 512\"><path d=\"M310.6 361.4c12.5 12.5 12.5 32.75 0 45.25C304.4 412.9 296.2 416 288 416s-16.38-3.125-22.62-9.375L160 301.3L54.63 406.6C48.38 412.9 40.19 416 32 416S15.63 412.9 9.375 406.6c-12.5-12.5-12.5-32.75 0-45.25l105.4-105.4L9.375 150.6c-12.5-12.5-12.5-32.75 0-45.25s32.75-12.5 45.25 0L160 210.8l105.4-105.4c12.5-12.5 32.75-12.5 45.25 0s12.5 32.75 0 45.25l-105.4 105.4L310.6 361.4z\"><\/path><\/svg><\/button><\/div><\/div><\/div>\n<\/div>\n\n\n\n<div data-aos= \"fade-left\" data-aos-duration=\"400\" data-aos-delay=\"0\" data-aos-easing=\"ease\" data-aos-once=\"true\" class=\"wp-block-uagb-container uagb-block-32ec4ae1\">\n<div class=\"wp-block-uagb-info-box uagb-block-45978201 uagb-infobox__content-wrap  uagb-infobox-icon-left-title uagb-infobox-left uagb-infobox-image-valign-top wp-block-uagb-info-box--has-margin\"><div class=\"uagb-infobox-margin-wrapper\"><div class=\"uagb-ifb-content\"><div class=\"uagb-ifb-left-title-image\"><div class=\"uagb-ifb-icon-wrap\"><svg xmlns=\"https:\/\/www.w3.org\/2000\/svg\" viewBox=\"0 0 448 512\"><path d=\"M448 80V128C448 172.2 347.7 208 224 208C100.3 208 0 172.2 0 128V80C0 35.82 100.3 0 224 0C347.7 0 448 35.82 448 80zM393.2 214.7C413.1 207.3 433.1 197.8 448 186.1V288C448 332.2 347.7 368 224 368C100.3 368 0 332.2 0 288V186.1C14.93 197.8 34.02 207.3 54.85 214.7C99.66 230.7 159.5 240 224 240C288.5 240 348.3 230.7 393.2 214.7V214.7zM54.85 374.7C99.66 390.7 159.5 400 224 400C288.5 400 348.3 390.7 393.2 374.7C413.1 367.3 433.1 357.8 448 346.1V432C448 476.2 347.7 512 224 512C100.3 512 0 476.2 0 432V346.1C14.93 357.8 34.02 367.3 54.85 374.7z\"><\/path><\/svg><\/div><div class=\"uagb-ifb-title-wrap\"><h5 class=\"uagb-ifb-title\">Traitements de donn\u00e9es<br><br><\/h5><\/div><\/div><p class=\"uagb-ifb-desc\"><strong>Nous pouvons traiter les donn\u00e9es de diff\u00e9rents  ERP et ainsi proc\u00e9der \u00e0 la reprise des donn\u00e9es de votre ancien logiciel , en cas de changement de logiciel.<br><br>Cette prestation vous \u00e9pargne un fastidieux et on\u00e9reux travail de ressaisie et vous permet de repartir avec une base saine et coh\u00e9rente<\/strong><br><br><\/p><\/div><\/div><\/div>\n\n\n\n<div class=\"wp-block-uagb-modal uagb-block-3102a4b3 uagb-modal-wrapper\" data-escpress=\"enable\" data-overlayclick=\"disable\"><span class=\"uagb-modal-text uagb-modal-trigger\">Plus d&rsquo;info &#8230;..<\/span><div class=\"uagb-effect-default uagb-modal-popup uagb-block-3102a4b3 uagb-modal-type-undefined\"><div class=\"uagb-modal-popup-wrap\"><div class=\"uagb-modal-popup-content\">\n<div class=\"wp-block-uagb-info-box uagb-block-f9a6c1ba uagb-infobox__content-wrap  uagb-infobox-icon-above-title uagb-infobox-image-valign-top\"><div class=\"uagb-ifb-content\"><div class=\"uagb-ifb-icon-wrap\"><svg xmlns=\"https:\/\/www.w3.org\/2000\/svg\" viewBox=\"0 0 512 512\"><path d=\"M0 256C0 114.6 114.6 0 256 0C397.4 0 512 114.6 512 256C512 397.4 397.4 512 256 512C114.6 512 0 397.4 0 256zM371.8 211.8C382.7 200.9 382.7 183.1 371.8 172.2C360.9 161.3 343.1 161.3 332.2 172.2L224 280.4L179.8 236.2C168.9 225.3 151.1 225.3 140.2 236.2C129.3 247.1 129.3 264.9 140.2 275.8L204.2 339.8C215.1 350.7 232.9 350.7 243.8 339.8L371.8 211.8z\"><\/path><\/svg><\/div><div class=\"uagb-ifb-title-wrap\"><h3 class=\"uagb-ifb-title\">Traitement de donn\u00e9es<\/h3><\/div><p class=\"uagb-ifb-desc\">Am\u00e9liorez et exploitez vos donn\u00e9es<\/p><\/div><\/div>\n\n\n\n<p><strong>A quoi cela sert-il ?<\/strong><br>Le traitement de donn\u00e9es consiste \u00e0 extraire ou utiliser des donn\u00e9es de votre logiciel afin :<\/p>\n\n\n\n<ul class=\"wp-block-list\">\n<li>De mettre en place des tableaux de bord personnalis\u00e9s.<\/li>\n\n\n\n<li>De traiter directement les donn\u00e9es dans le logiciel via des requ\u00eates ou d\u2019autres outils.<\/li>\n\n\n\n<li>D\u2019exploiter ces donn\u00e9es depuis des outils bureautiques<\/li>\n\n\n\n<li>G\u00e9n\u00e9rer des fichiers en vue d\u2019une reprise de donn\u00e9es dans un autre outil.<\/li>\n<\/ul>\n\n\n\n<p><\/p>\n\n\n\n<p><strong>Comment cela se passe ?<\/strong><br>Les diff\u00e9rentes phases d\u2019un traitement de donn\u00e9es sont :<\/p>\n\n\n\n<ul class=\"wp-block-list\">\n<li>Analyse des donn\u00e9es (source) et des besoins (cible)<\/li>\n\n\n\n<li>Choix du mode de traitement (export, requ\u00eates, API \u2026)<\/li>\n\n\n\n<li>Traitement des donn\u00e9es (\u00e9puration des r\u00e9f\u00e9rentiels)<\/li>\n\n\n\n<li>Evaluation du r\u00e9sultat avec le client.<\/li>\n\n\n\n<li>Recette de la prestation par le client .<\/li>\n\n\n\n<li>Correctifs si n\u00e9cessaire jusqu\u2019\u00e0 recette.<\/li>\n<\/ul>\n\n\n\n<p><\/p>\n\n\n\n<p><\/p>\n<\/div><button class=\"uagb-modal-popup-close\" aria-label=\"Close Modal\"><svg xmlns=\"https:\/\/www.w3.org\/2000\/svg\" viewBox=\"0 0 320 512\"><path d=\"M310.6 361.4c12.5 12.5 12.5 32.75 0 45.25C304.4 412.9 296.2 416 288 416s-16.38-3.125-22.62-9.375L160 301.3L54.63 406.6C48.38 412.9 40.19 416 32 416S15.63 412.9 9.375 406.6c-12.5-12.5-12.5-32.75 0-45.25l105.4-105.4L9.375 150.6c-12.5-12.5-12.5-32.75 0-45.25s32.75-12.5 45.25 0L160 210.8l105.4-105.4c12.5-12.5 32.75-12.5 45.25 0s12.5 32.75 0 45.25l-105.4 105.4L310.6 361.4z\"><\/path><\/svg><\/button><\/div><\/div><\/div>\n<\/div>\n<\/div>\n<\/div>\n\n\n\n<p><\/p>\n","protected":false},"excerpt":{"rendered":"<p>Nos services<\/p>\n","protected":false},"author":1,"featured_media":0,"parent":0,"menu_order":0,"comment_status":"closed","ping_status":"closed","template":"","meta":{"_uag_custom_page_level_css":"","site-sidebar-layout":"default","site-content-layout":"","ast-site-content-layout":"default","site-content-style":"default","site-sidebar-style":"default","ast-global-header-display":"","ast-banner-title-visibility":"","ast-main-header-display":"","ast-hfb-above-header-display":"","ast-hfb-below-header-display":"","ast-hfb-mobile-header-display":"","site-post-title":"disabled","ast-breadcrumbs-content":"","ast-featured-img":"","footer-sml-layout":"","ast-disable-related-posts":"","theme-transparent-header-meta":"","adv-header-id-meta":"","stick-header-meta":"","header-above-stick-meta":"","header-main-stick-meta":"","header-below-stick-meta":"","astra-migrate-meta-layouts":"set","ast-page-background-enabled":"default","ast-page-background-meta":{"desktop":{"background-color":"var(--ast-global-color-4)","background-image":"","background-repeat":"repeat","background-position":"center center","background-size":"auto","background-attachment":"scroll","background-type":"","background-media":"","overlay-type":"","overlay-color":"","overlay-opacity":"","overlay-gradient":""},"tablet":{"background-color":"","background-image":"","background-repeat":"repeat","background-position":"center center","background-size":"auto","background-attachment":"scroll","background-type":"","background-media":"","overlay-type":"","overlay-color":"","overlay-opacity":"","overlay-gradient":""},"mobile":{"background-color":"","background-image":"","background-repeat":"repeat","background-position":"center center","background-size":"auto","background-attachment":"scroll","background-type":"","background-media":"","overlay-type":"","overlay-color":"","overlay-opacity":"","overlay-gradient":""}},"ast-content-background-meta":{"desktop":{"background-color":"var(--ast-global-color-5)","background-image":"","background-repeat":"repeat","background-position":"center center","background-size":"auto","background-attachment":"scroll","background-type":"","background-media":"","overlay-type":"","overlay-color":"","overlay-opacity":"","overlay-gradient":""},"tablet":{"background-color":"var(--ast-global-color-5)","background-image":"","background-repeat":"repeat","background-position":"center center","background-size":"auto","background-attachment":"scroll","background-type":"","background-media":"","overlay-type":"","overlay-color":"","overlay-opacity":"","overlay-gradient":""},"mobile":{"background-color":"var(--ast-global-color-5)","background-image":"","background-repeat":"repeat","background-position":"center center","background-size":"auto","background-attachment":"scroll","background-type":"","background-media":"","overlay-type":"","overlay-color":"","overlay-opacity":"","overlay-gradient":""}},"footnotes":""},"class_list":["post-2790","page","type-page","status-publish","hentry"],"uagb_featured_image_src":{"full":false,"thumbnail":false,"medium":false,"medium_large":false,"large":false,"1536x1536":false,"2048x2048":false},"uagb_author_info":{"display_name":"msintes","author_link":"https:\/\/smiconsult.fr\/?author=1"},"uagb_comment_info":0,"uagb_excerpt":"Nos services","_links":{"self":[{"href":"https:\/\/smiconsult.fr\/index.php?rest_route=\/wp\/v2\/pages\/2790","targetHints":{"allow":["GET"]}}],"collection":[{"href":"https:\/\/smiconsult.fr\/index.php?rest_route=\/wp\/v2\/pages"}],"about":[{"href":"https:\/\/smiconsult.fr\/index.php?rest_route=\/wp\/v2\/types\/page"}],"author":[{"embeddable":true,"href":"https:\/\/smiconsult.fr\/index.php?rest_route=\/wp\/v2\/users\/1"}],"replies":[{"embeddable":true,"href":"https:\/\/smiconsult.fr\/index.php?rest_route=%2Fwp%2Fv2%2Fcomments&post=2790"}],"version-history":[{"count":33,"href":"https:\/\/smiconsult.fr\/index.php?rest_route=\/wp\/v2\/pages\/2790\/revisions"}],"predecessor-version":[{"id":3105,"href":"https:\/\/smiconsult.fr\/index.php?rest_route=\/wp\/v2\/pages\/2790\/revisions\/3105"}],"wp:attachment":[{"href":"https:\/\/smiconsult.fr\/index.php?rest_route=%2Fwp%2Fv2%2Fmedia&parent=2790"}],"curies":[{"name":"wp","href":"https:\/\/api.w.org\/{rel}","templated":true}]}}